{"id":1295,"date":"2021-12-23T10:08:49","date_gmt":"2021-12-23T09:08:49","guid":{"rendered":"https:\/\/spotwerbung.at\/?page_id=1295"},"modified":"2021-12-29T10:41:02","modified_gmt":"2021-12-29T09:41:02","slug":"wassertest","status":"publish","type":"page","link":"https:\/\/spotwerbung.at\/?page_id=1295","title":{"rendered":"Wassertest"},"content":{"rendered":"\t\t<div data-elementor-type=\"wp-page\" data-elementor-id=\"1295\" class=\"elementor elementor-1295\" data-elementor-settings=\"[]\">\n\t\t\t\t\t\t\t<div class=\"elementor-section-wrap\">\n\t\t\t\t\t\t\t<section class=\"elementor-section elementor-top-section elementor-element elementor-element-a26a7b6 elementor-section-boxed elementor-section-height-default elementor-section-height-default\" data-id=\"a26a7b6\" data-element_type=\"section\">\n\t\t\t\t\t\t<div class=\"elementor-container elementor-column-gap-default\">\n\t\t\t\t\t<div class=\"elementor-column elementor-col-25 elementor-top-column elementor-element elementor-element-1a1c5c1\" data-id=\"1a1c5c1\" data-element_type=\"column\">\n\t\t\t<div class=\"elementor-widget-wrap elementor-element-populated\">\n\t\t\t\t\t\t\t\t<div class=\"elementor-element elementor-element-fba8322 elementor-widget elementor-widget-text-editor\" data-id=\"fba8322\" data-element_type=\"widget\" data-widget_type=\"text-editor.default\">\n\t\t\t\t<div class=\"elementor-widget-container\">\n\t\t\t<style>\/*! elementor - v3.5.3 - 28-12-2021 *\/\n.elementor-widget-text-editor.elementor-drop-cap-view-stacked .elementor-drop-cap{background-color:#818a91;color:#fff}.elementor-widget-text-editor.elementor-drop-cap-view-framed .elementor-drop-cap{color:#818a91;border:3px solid;background-color:transparent}.elementor-widget-text-editor:not(.elementor-drop-cap-view-default) .elementor-drop-cap{margin-top:8px}.elementor-widget-text-editor:not(.elementor-drop-cap-view-default) .elementor-drop-cap-letter{width:1em;height:1em}.elementor-widget-text-editor .elementor-drop-cap{float:left;text-align:center;line-height:1;font-size:50px}.elementor-widget-text-editor .elementor-drop-cap-letter{display:inline-block}<\/style>\t\t\t\t<p>Regelm\u00e4\u00dfige Wassertests sind notwendig um die Gesundheit der Fische zu sch\u00fctzen. Zu hohe Ammonium-, Ammoniak- oder Nitritwerte k\u00f6nnen den Fischen auf Dauer stark schaden.<\/p>\t\t\t\t\t\t<\/div>\n\t\t\t\t<\/div>\n\t\t\t\t\t<\/div>\n\t\t<\/div>\n\t\t\t\t<div class=\"elementor-column elementor-col-25 elementor-top-column elementor-element elementor-element-8e80426\" data-id=\"8e80426\" data-element_type=\"column\">\n\t\t\t<div class=\"elementor-widget-wrap\">\n\t\t\t\t\t\t\t\t\t<\/div>\n\t\t<\/div>\n\t\t\t\t<div class=\"elementor-column elementor-col-50 elementor-top-column elementor-element elementor-element-4bdce9b\" data-id=\"4bdce9b\" data-element_type=\"column\">\n\t\t\t<div class=\"elementor-widget-wrap elementor-element-populated\">\n\t\t\t\t\t\t\t\t<div class=\"elementor-element elementor-element-e978181 elementor-widget elementor-widget-image\" data-id=\"e978181\" data-element_type=\"widget\" data-widget_type=\"image.default\">\n\t\t\t\t<div class=\"elementor-widget-container\">\n\t\t\t<style>\/*! elementor - v3.5.3 - 28-12-2021 *\/\n.elementor-widget-image{text-align:center}.elementor-widget-image a{display:inline-block}.elementor-widget-image a img[src$=\".svg\"]{width:48px}.elementor-widget-image img{vertical-align:middle;display:inline-block}<\/style>\t\t\t\t\t\t\t\t\t\t\t\t<img width=\"1024\" height=\"768\" src=\"https:\/\/spotwerbung.at\/wp-content\/uploads\/2021\/12\/IMG_7079-1024x768.jpg\" class=\"attachment-large size-large\" alt=\"Wasserqualit\u00e4t Hybridwels\" loading=\"lazy\" srcset=\"https:\/\/spotwerbung.at\/wp-content\/uploads\/2021\/12\/IMG_7079-1024x768.jpg 1024w, https:\/\/spotwerbung.at\/wp-content\/uploads\/2021\/12\/IMG_7079-300x225.jpg 300w, https:\/\/spotwerbung.at\/wp-content\/uploads\/2021\/12\/IMG_7079-768x576.jpg 768w, https:\/\/spotwerbung.at\/wp-content\/uploads\/2021\/12\/IMG_7079-1536x1152.jpg 1536w, https:\/\/spotwerbung.at\/wp-content\/uploads\/2021\/12\/IMG_7079-2048x1536.jpg 2048w, https:\/\/spotwerbung.at\/wp-content\/uploads\/2021\/12\/IMG_7079-600x450.jpg 600w\" sizes=\"(max-width: 1024px) 100vw, 1024px\" \/>\t\t\t\t\t\t\t\t\t\t\t\t\t\t\t<\/div>\n\t\t\t\t<\/div>\n\t\t\t\t\t<\/div>\n\t\t<\/div>\n\t\t\t\t\t\t\t<\/div>\n\t\t<\/section>\n\t\t\t\t\t\t<\/div>\n\t\t\t\t\t<\/div>\n\t\t","protected":false},"excerpt":{"rendered":"<p>Regelm\u00e4\u00dfige Wassertests sind notwendig um die Gesundheit der Fische zu sch\u00fctzen. Zu hohe Ammonium-, Ammoniak- oder Nitritwerte k\u00f6nnen den Fischen auf Dauer stark schaden.<\/p>\n","protected":false},"author":1,"featured_media":0,"parent":1068,"menu_order":0,"comment_status":"closed","ping_status":"closed","template":"","meta":{"kt_blocks_editor_width":"","site-sidebar-layout":"","site-content-layout":"","ast-main-header-display":"","ast-hfb-above-header-display":"","ast-hfb-below-header-display":"","ast-hfb-mobile-header-display":"","site-post-title":"","ast-breadcrumbs-content":"","ast-featured-img":"","footer-sml-layout":"","theme-transparent-header-meta":"","adv-header-id-meta":"","stick-header-meta":"","header-above-stick-meta":"","header-main-stick-meta":"","header-below-stick-meta":""},"_links":{"self":[{"href":"https:\/\/spotwerbung.at\/index.php?rest_route=\/wp\/v2\/pages\/1295"}],"collection":[{"href":"https:\/\/spotwerbung.at\/index.php?rest_route=\/wp\/v2\/pages"}],"about":[{"href":"https:\/\/spotwerbung.at\/index.php?rest_route=\/wp\/v2\/types\/page"}],"author":[{"embeddable":true,"href":"https:\/\/spotwerbung.at\/index.php?rest_route=\/wp\/v2\/users\/1"}],"replies":[{"embeddable":true,"href":"https:\/\/spotwerbung.at\/index.php?rest_route=%2Fwp%2Fv2%2Fcomments&post=1295"}],"version-history":[{"count":4,"href":"https:\/\/spotwerbung.at\/index.php?rest_route=\/wp\/v2\/pages\/1295\/revisions"}],"predecessor-version":[{"id":1299,"href":"https:\/\/spotwerbung.at\/index.php?rest_route=\/wp\/v2\/pages\/1295\/revisions\/1299"}],"up":[{"embeddable":true,"href":"https:\/\/spotwerbung.at\/index.php?rest_route=\/wp\/v2\/pages\/1068"}],"wp:attachment":[{"href":"https:\/\/spotwerbung.at\/index.php?rest_route=%2Fwp%2Fv2%2Fmedia&parent=1295"}],"curies":[{"name":"wp","href":"https:\/\/api.w.org\/{rel}","templated":true}]}}